{"id":9,"date":"2018-07-26T18:14:41","date_gmt":"2018-07-26T18:14:41","guid":{"rendered":"https:\/\/figaromemorial.cat\/?page_id=9"},"modified":"2018-08-24T11:02:48","modified_gmt":"2018-08-24T11:02:48","slug":"home","status":"publish","type":"page","link":"https:\/\/figaromemorial.cat\/","title":{"rendered":"QU\u00c8 \u00c9S"},"content":{"rendered":"<p>Figar\u00f3 Memorial \u00e9s una associaci\u00f3 sense \u00e0nim de lucre, apol\u00edtica i aconfesional, oberta a tothom, i que consta inscrita en el Registre d&#8217;Associacions de la Generalitat.<\/p>\n","protected":false},"excerpt":{"rendered":"<p>Figar\u00f3 Memorial \u00e9s una associaci\u00f3 sense \u00e0nim de lucre, apol\u00edtica i aconfesional, oberta a tothom, i que consta inscrita en el Registre d&#8217;Associacions de la Generalitat.<\/p>\n","protected":false},"author":2,"featured_media":0,"parent":0,"menu_order":0,"comment_status":"closed","ping_status":"closed","template":"","meta":[],"_links":{"self":[{"href":"https:\/\/figaromemorial.cat\/index.php?rest_route=\/wp\/v2\/pages\/9"}],"collection":[{"href":"https:\/\/figaromemorial.cat\/index.php?rest_route=\/wp\/v2\/pages"}],"about":[{"href":"https:\/\/figaromemorial.cat\/index.php?rest_route=\/wp\/v2\/types\/page"}],"author":[{"embeddable":true,"href":"https:\/\/figaromemorial.cat\/index.php?rest_route=\/wp\/v2\/users\/2"}],"replies":[{"embeddable":true,"href":"https:\/\/figaromemorial.cat\/index.php?rest_route=%2Fwp%2Fv2%2Fcomments&post=9"}],"version-history":[{"count":8,"href":"https:\/\/figaromemorial.cat\/index.php?rest_route=\/wp\/v2\/pages\/9\/revisions"}],"predecessor-version":[{"id":147,"href":"https:\/\/figaromemorial.cat\/index.php?rest_route=\/wp\/v2\/pages\/9\/revisions\/147"}],"wp:attachment":[{"href":"https:\/\/figaromemorial.cat\/index.php?rest_route=%2Fwp%2Fv2%2Fmedia&parent=9"}],"curies":[{"name":"wp","href":"https:\/\/api.w.org\/{rel}","templated":true}]}}