{"id":273,"date":"2022-09-21T16:17:39","date_gmt":"2022-09-21T16:17:39","guid":{"rendered":"https:\/\/figaromemorial.cat\/?page_id=273"},"modified":"2023-04-04T22:18:34","modified_gmt":"2023-04-04T22:18:34","slug":"llibreria-nova","status":"publish","type":"page","link":"https:\/\/figaromemorial.cat\/?page_id=273","title":{"rendered":"LLIBRERIA"},"content":{"rendered":"\n<h2><em><strong>DE VALLCARQUERA A FIGAR\u00d3<\/strong><\/em><br><em><strong>El retaule de sant Pere<\/strong><\/em><\/h2>\n\n\n\n<p>16 d&#8217;Abril, 2023<\/p>\n\n\n\n<div class=\"wp-block-columns\">\n<div class=\"wp-block-column\">\n<figure class=\"wp-block-image size-full\"><img loading=\"lazy\" width=\"795\" height=\"644\" src=\"https:\/\/figaromemorial.cat\/wp-content\/uploads\/2023\/04\/Captura-de-pantalla-2023-04-04-a-las-23.55.58.png\" alt=\"\" class=\"wp-image-289\" srcset=\"https:\/\/figaromemorial.cat\/wp-content\/uploads\/2023\/04\/Captura-de-pantalla-2023-04-04-a-las-23.55.58.png 795w, https:\/\/figaromemorial.cat\/wp-content\/uploads\/2023\/04\/Captura-de-pantalla-2023-04-04-a-las-23.55.58-300x243.png 300w, https:\/\/figaromemorial.cat\/wp-content\/uploads\/2023\/04\/Captura-de-pantalla-2023-04-04-a-las-23.55.58-768x622.png 768w\" sizes=\"(max-width: 767px) 89vw, (max-width: 1000px) 54vw, (max-width: 1071px) 543px, 580px\" \/><figcaption>Antonino Segon i Josep Mas<\/figcaption><\/figure>\n<\/div>\n<\/div>\n\n\n\n<p>\u00c9s un treball d\u2019Antonino Segon i Josep Mas que ens explica la hist\u00f2ria de Vallc\u00e0rquera i detalla la tem\u00e0tica de cadascuna de les pintures del preuat retaule que guarda l\u2019esgl\u00e9sia de la vall.<\/p>\n\n\n\n<div style=\"height:60px\" aria-hidden=\"true\" class=\"wp-block-spacer\"><\/div>\n\n\n\n<h2><em><strong>Figar\u00f3, de FESTA MAJOR<\/strong><\/em><\/h2>\n\n\n\n<p>27 d&#8217;Agost, 2022<\/p>\n\n\n\n<div class=\"wp-block-columns\">\n<div class=\"wp-block-column\">\n<figure class=\"wp-block-image size-large\"><img loading=\"lazy\" width=\"691\" height=\"1024\" src=\"https:\/\/figaromemorial.cat\/wp-content\/uploads\/2022\/09\/llibre-festa-major-691x1024.jpeg\" alt=\"\" class=\"wp-image-268\" srcset=\"https:\/\/figaromemorial.cat\/wp-content\/uploads\/2022\/09\/llibre-festa-major-691x1024.jpeg 691w, https:\/\/figaromemorial.cat\/wp-content\/uploads\/2022\/09\/llibre-festa-major-203x300.jpeg 203w, https:\/\/figaromemorial.cat\/wp-content\/uploads\/2022\/09\/llibre-festa-major-768x1137.jpeg 768w, https:\/\/figaromemorial.cat\/wp-content\/uploads\/2022\/09\/llibre-festa-major-1037x1536.jpeg 1037w, https:\/\/figaromemorial.cat\/wp-content\/uploads\/2022\/09\/llibre-festa-major.jpeg 1254w\" sizes=\"(max-width: 691px) 100vw, 691px\" \/><figcaption><em>Antonino Segon Salvatella<\/em><\/figcaption><\/figure>\n<\/div>\n<\/div>\n\n\n\n<p>Novament gaudim d&#8217;un llibre de <em>Antonino Segon Salvatella<\/em>, llicenciat de Hist\u00f2ria per la Universitat Aut\u00f2noma de Barcelona, en el que veiem l&#8217;evoluci\u00f3 de la Festa Major de Figar\u00f3 al llargs dels anys.<\/p>\n\n\n\n<p>En el llibre de mes de 250 p\u00e0gines amb gran quantitat de fotografies es reflecteix el que representava per els figaronencs aquest aconteixement anyal.<\/p>\n\n\n\n<div style=\"height:60px\" aria-hidden=\"true\" class=\"wp-block-spacer\"><\/div>\n\n\n\n<h2><em><strong>Hist\u00f2ria del tren a Figar\u00f3<\/strong><\/em><\/h2>\n\n\n\n<p>25 d&#8217;Agost, 2021<\/p>\n\n\n\n<div class=\"wp-block-columns\">\n<div class=\"wp-block-column\">\n<figure class=\"wp-block-image size-full\"><img loading=\"lazy\" width=\"526\" height=\"764\" src=\"https:\/\/figaromemorial.cat\/wp-content\/uploads\/2021\/08\/2021-08-25_17h52_41.png\" alt=\"\" class=\"wp-image-246\" srcset=\"https:\/\/figaromemorial.cat\/wp-content\/uploads\/2021\/08\/2021-08-25_17h52_41.png 526w, https:\/\/figaromemorial.cat\/wp-content\/uploads\/2021\/08\/2021-08-25_17h52_41-207x300.png 207w\" sizes=\"(max-width: 526px) 100vw, 526px\" \/><figcaption><em>Antonino Segon Salvatella<\/em><\/figcaption><\/figure>\n<\/div>\n<\/div>\n\n\n\n<p>\u201cL\u2019arribada del tren a l\u2019actual municipi de Figar\u00f3-Montmany, conegut com a Montmany a finals del segle XIX, va ser \u2026\u201d<\/p>\n\n\n\n<p>L\u2019Antonino Segon Salvatella, llicenciat en Hist\u00f2ria per la Universitat Aut\u00f2noma de Barcelona, repassa en aquest llibre la hist\u00f2ria d\u2019aquesta arribada, aix\u00ed com els seus efectes.<\/p>\n\n\n\n<p>Es fa imprescindible la seva lectura per tota persona interessada en con\u00e8ixer l\u2019evoluci\u00f3 econ\u00f2mica, social i cultural del municipi. No t\u2019ho perdis!<\/p>\n\n\n\n<div style=\"height:60px\" aria-hidden=\"true\" class=\"wp-block-spacer\"><\/div>\n\n\n\n<h2><em><strong>FIGAR\u00d3 1994, DESPR\u00c9S DEL FOC, LA RIERADA<\/strong><\/em><\/h2>\n\n\n\n<p>15 de Decembre, 2020<\/p>\n\n\n\n<div class=\"wp-block-columns\">\n<div class=\"wp-block-column\">\n<figure class=\"wp-block-image size-full\"><img loading=\"lazy\" width=\"592\" height=\"831\" src=\"https:\/\/figaromemorial.cat\/wp-content\/uploads\/2020\/12\/Captura-de-pantalla-2020-12-15-a-las-20.54.25.png\" alt=\"\" class=\"wp-image-174\" srcset=\"https:\/\/figaromemorial.cat\/wp-content\/uploads\/2020\/12\/Captura-de-pantalla-2020-12-15-a-las-20.54.25.png 592w, https:\/\/figaromemorial.cat\/wp-content\/uploads\/2020\/12\/Captura-de-pantalla-2020-12-15-a-las-20.54.25-214x300.png 214w\" sizes=\"(max-width: 592px) 100vw, 592px\" \/><figcaption><em>Josep Mas<\/em><\/figcaption><\/figure>\n<\/div>\n<\/div>\n\n\n\n<p>L\u2019any 1994 est\u00e0 en la mem\u00f2ria de tots el ve\u00efns de Figar\u00f3.<\/p>\n\n\n\n<p>En Josep Mas, professional de reconegut prestigi, en fa una amena per\u00f2 molt rigorosa descripci\u00f3 dels fets tr\u00e0gics que varen succeir fa 26 anys.<\/p>\n\n\n\n<p>Juntament amb un text molt acurat ho complementa amb m\u00e9s de 100 imatges que ens mostren com es van viure aquells dies.<\/p>\n\n\n\n<p>\u00c9s de lectura obligada per tothom que vulgui mantenir viva la mem\u00f2ria.<\/p>\n\n\n\n<div style=\"height:60px\" aria-hidden=\"true\" class=\"wp-block-spacer\"><\/div>\n\n\n\n<h2><em><strong>L\u2019ARRIBADA DE L\u2019AIGUA DE BOCA AL FIGAR\u00d3<\/strong><\/em><\/h2>\n\n\n\n<p>23 d&#8217;Agost, 2018<\/p>\n\n\n\n<div class=\"wp-block-columns\">\n<div class=\"wp-block-column\">\n<figure class=\"wp-block-image size-full\"><img loading=\"lazy\" width=\"575\" height=\"440\" src=\"https:\/\/figaromemorial.cat\/wp-content\/uploads\/2018\/08\/boca-aigua.jpg\" alt=\"\" class=\"wp-image-134\" srcset=\"https:\/\/figaromemorial.cat\/wp-content\/uploads\/2018\/08\/boca-aigua.jpg 575w, https:\/\/figaromemorial.cat\/wp-content\/uploads\/2018\/08\/boca-aigua-300x230.jpg 300w\" sizes=\"(max-width: 575px) 100vw, 575px\" \/><figcaption><em>Arnau Moret Portet<\/em><\/figcaption><\/figure>\n<\/div>\n<\/div>\n\n\n\n<p>L\u2019Arnau Moret ens fa una breu hist\u00f2ria de com \u00e9s van desenvolupar els fets per arribar a la comoditat dels nostres dies.<\/p>\n\n\n\n<p>El disposar d\u2019aigua potable \u00e9s fonamental per la salut de qualsevol societat.<\/p>\n\n\n\n<p>Tot va comen\u00e7ar a les primeries del segle XX.<\/p>\n\n\n\n<p>Us en recomanem la seva lectura per tal de con\u00e8ixer millor la nostra realitat.<\/p>\n\n\n\n<div style=\"height:60px\" aria-hidden=\"true\" class=\"wp-block-spacer\"><\/div>\n\n\n\n<h2><em><strong>FIGAR\u00d3 \u2013 MONTMANY&nbsp;&nbsp;<\/strong><\/em><br><em><strong>Recull onom\u00e0stic<\/strong><\/em><\/h2>\n\n\n\n<p>6 d&#8217;Agost 6, 2018<\/p>\n\n\n\n<div class=\"wp-block-columns\">\n<div class=\"wp-block-column\">\n<figure class=\"wp-block-image size-large\"><img loading=\"lazy\" width=\"733\" height=\"1024\" src=\"https:\/\/figaromemorial.cat\/wp-content\/uploads\/2018\/08\/IMG-20180731-WA0013-733x1024.jpg\" alt=\"\" class=\"wp-image-36\" srcset=\"https:\/\/figaromemorial.cat\/wp-content\/uploads\/2018\/08\/IMG-20180731-WA0013-733x1024.jpg 733w, https:\/\/figaromemorial.cat\/wp-content\/uploads\/2018\/08\/IMG-20180731-WA0013-215x300.jpg 215w, https:\/\/figaromemorial.cat\/wp-content\/uploads\/2018\/08\/IMG-20180731-WA0013-768x1072.jpg 768w, https:\/\/figaromemorial.cat\/wp-content\/uploads\/2018\/08\/IMG-20180731-WA0013.jpg 1146w\" sizes=\"(max-width: 733px) 100vw, 733px\" \/><figcaption><em>Enric Garcia-Pey i Pey<\/em><\/figcaption><\/figure>\n<\/div>\n<\/div>\n\n\n\n<p>L\u2019Enric Garcia-Pey \u00e9s una autor molt experimentat en aquesta classe de treballs.<\/p>\n\n\n\n<p>En el nostre cas ens fa un recull exhaustiu de tota la topon\u00edmia del nostre terme.<\/p>\n\n\n\n<p>\u00c9s molt interessant resseguir el seu contingut doncs \u00e9s f\u00e0cil trobar-hi alguna refer\u00e8ncia propera. \u00c9s un bon llibre de consulta, m\u00e9s que de lectura, per con\u00e8ixer millor els nostres referents.<\/p>\n\n\n\n<div style=\"height:60px\" aria-hidden=\"true\" class=\"wp-block-spacer\"><\/div>\n\n\n\n<h2><em><strong>ELS MOLINS DE VALLCARQUERA<\/strong><\/em><\/h2>\n\n\n\n<p>9 de Juliol, 2018<\/p>\n\n\n\n<div class=\"wp-block-columns\">\n<div class=\"wp-block-column\">\n<figure class=\"wp-block-image size-large\"><img loading=\"lazy\" width=\"656\" height=\"1024\" src=\"https:\/\/figaromemorial.cat\/wp-content\/uploads\/2018\/08\/IMG-20180731-WA0011-656x1024.jpg\" alt=\"\" class=\"wp-image-35\" srcset=\"https:\/\/figaromemorial.cat\/wp-content\/uploads\/2018\/08\/IMG-20180731-WA0011-656x1024.jpg 656w, https:\/\/figaromemorial.cat\/wp-content\/uploads\/2018\/08\/IMG-20180731-WA0011-192x300.jpg 192w, https:\/\/figaromemorial.cat\/wp-content\/uploads\/2018\/08\/IMG-20180731-WA0011-768x1199.jpg 768w, https:\/\/figaromemorial.cat\/wp-content\/uploads\/2018\/08\/IMG-20180731-WA0011.jpg 1025w\" sizes=\"(max-width: 656px) 100vw, 656px\" \/><figcaption><em>Jaume Oliver i Bruy<\/em><\/figcaption><\/figure>\n<\/div>\n<\/div>\n\n\n\n<p>Vallc\u00e0rquera \u00e9s un dels ve\u00efnats que donen origen a l\u2019actual Figar\u00f3.<\/p>\n\n\n\n<p>En Jaume Oliver aprofita per fer-ne un breu apunt hist\u00f2ric fonamental per entendre la implementaci\u00f3 dels molins.<\/p>\n\n\n\n<p>Us en recomanem la seva lectura per interpretar millor les restes d\u2019aquest \u201cpatrimoni industrial\u201d.<\/p>\n\n\n\n<div style=\"height:60px\" aria-hidden=\"true\" class=\"wp-block-spacer\"><\/div>\n","protected":false},"excerpt":{"rendered":"<p>DE VALLCARQUERA A FIGAR\u00d3El retaule de sant Pere 16 d&#8217;Abril, 2023 \u00c9s un treball d\u2019Antonino Segon i Josep Mas que ens explica la hist\u00f2ria de Vallc\u00e0rquera i detalla la tem\u00e0tica de cadascuna de les pintures del preuat retaule que guarda l\u2019esgl\u00e9sia de la vall. Figar\u00f3, de FESTA MAJOR 27 d&#8217;Agost, 2022 Novament gaudim d&#8217;un llibre &hellip; <\/p>\n<p class=\"link-more\"><a href=\"https:\/\/figaromemorial.cat\/?page_id=273\" class=\"more-link\">Continue reading<span class=\"screen-reader-text\"> &#8220;LLIBRERIA&#8221;<\/span><\/a><\/p>\n","protected":false},"author":2,"featured_media":0,"parent":0,"menu_order":0,"comment_status":"closed","ping_status":"closed","template":"","meta":[],"_links":{"self":[{"href":"https:\/\/figaromemorial.cat\/index.php?rest_route=\/wp\/v2\/pages\/273"}],"collection":[{"href":"https:\/\/figaromemorial.cat\/index.php?rest_route=\/wp\/v2\/pages"}],"about":[{"href":"https:\/\/figaromemorial.cat\/index.php?rest_route=\/wp\/v2\/types\/page"}],"author":[{"embeddable":true,"href":"https:\/\/figaromemorial.cat\/index.php?rest_route=\/wp\/v2\/users\/2"}],"replies":[{"embeddable":true,"href":"https:\/\/figaromemorial.cat\/index.php?rest_route=%2Fwp%2Fv2%2Fcomments&post=273"}],"version-history":[{"count":5,"href":"https:\/\/figaromemorial.cat\/index.php?rest_route=\/wp\/v2\/pages\/273\/revisions"}],"predecessor-version":[{"id":295,"href":"https:\/\/figaromemorial.cat\/index.php?rest_route=\/wp\/v2\/pages\/273\/revisions\/295"}],"wp:attachment":[{"href":"https:\/\/figaromemorial.cat\/index.php?rest_route=%2Fwp%2Fv2%2Fmedia&parent=273"}],"curies":[{"name":"wp","href":"https:\/\/api.w.org\/{rel}","templated":true}]}}